{"id":18004,"date":"2018-12-03T20:10:18","date_gmt":"2018-12-04T01:10:18","guid":{"rendered":"http:\/\/exob2b.com\/blogue\/"},"modified":"2025-10-23T11:15:38","modified_gmt":"2025-10-23T15:15:38","slug":"b2b-marketing-blog","status":"publish","type":"page","link":"https:\/\/exob2b.com\/en\/b2b-marketing-blog\/","title":{"rendered":"B2B marketing Exoblog"},"content":{"rendered":"\n<p>Since 2009, the B2B marketing Exoblog has published over 2,000 posts. These posts are written by our team of experts, who know how to harmoniously combine enthusiasm and extensive experience. Each member shares their expertise in their own unique and authentic way! Enjoy reading, and if you like what you see, share it! Don&#8217;t have a blog, but find our posts inspiring? <a href=\"https:\/\/exob2b.com\/en\/contact\/\">Contact us<\/a> to start your adventure in the <a href=\"https:\/\/en.wikipedia.org\/wiki\/Blogosphere\">blogosphere<\/a>.<\/p>\n\n\n\n<p><\/p>\n","protected":false},"excerpt":{"rendered":"<p>Since 2009, the B2B marketing Exoblog has published over 2,000 posts. These posts are written by our team of experts, who know how to harmoniously combine enthusiasm and extensive experience. Each member shares their expertise in their own unique and authentic way! Enjoy reading, and if you like what you see, share it! Don&#8217;t have [&hellip;]<\/p>\n","protected":false},"author":1,"featured_media":0,"parent":0,"menu_order":0,"comment_status":"closed","ping_status":"closed","template":"page-templates\/exo-blog.php","meta":{"_acf_changed":false,"footnotes":""},"class_list":["post-18004","page","type-page","status-publish","hentry"],"acf":[],"yoast_head":"<!-- This site is optimized with the Yoast SEO Premium plugin v26.7 (Yoast SEO v26.7) - https:\/\/yoast.com\/wordpress\/plugins\/seo\/ -->\n<title>B2B marketing Exoblog<\/title>\n<meta name=\"description\" content=\"The B2B marketing Exoblog is still a benchmark. It features over 2,000 posts dedicated entirely to B2B, published by our team of experts.\" \/>\n<meta name=\"robots\" content=\"index, follow, max-snippet:-1, max-image-preview:large, max-video-preview:-1\" \/>\n<link rel=\"canonical\" href=\"https:\/\/exob2b.com\/en\/b2b-marketing-blog\/\" \/>\n<meta property=\"og:locale\" content=\"en_US\" \/>\n<meta property=\"og:type\" content=\"article\" \/>\n<meta property=\"og:title\" content=\"B2B marketing Exoblog\" \/>\n<meta property=\"og:description\" content=\"The B2B marketing Exoblog is still a benchmark. It features over 2,000 posts dedicated entirely to B2B, published by our team of experts.\" \/>\n<meta property=\"og:url\" content=\"https:\/\/exob2b.com\/en\/b2b-marketing-blog\/\" \/>\n<meta property=\"og:site_name\" content=\"ExoB2B\" \/>\n<meta property=\"article:publisher\" content=\"https:\/\/www.facebook.com\/ExoB2B\" \/>\n<meta property=\"article:modified_time\" content=\"2025-10-23T15:15:38+00:00\" \/>\n<meta property=\"og:image\" content=\"https:\/\/exob2b.com\/wp-content\/uploads\/2025\/08\/exob2b-marketing-b2b-meeting.jpg\" \/>\n\t<meta property=\"og:image:width\" content=\"1920\" \/>\n\t<meta property=\"og:image:height\" content=\"1080\" \/>\n\t<meta property=\"og:image:type\" content=\"image\/jpeg\" \/>\n<meta name=\"twitter:card\" content=\"summary_large_image\" \/>\n<meta name=\"twitter:label1\" content=\"Est. reading time\" \/>\n\t<meta name=\"twitter:data1\" content=\"2 minutes\" \/>\n<script type=\"application\/ld+json\" class=\"yoast-schema-graph\">{\"@context\":\"https:\/\/schema.org\",\"@graph\":[{\"@type\":\"WebPage\",\"@id\":\"https:\/\/exob2b.com\/en\/b2b-marketing-blog\/\",\"url\":\"https:\/\/exob2b.com\/en\/b2b-marketing-blog\/\",\"name\":\"B2B marketing Exoblog\",\"isPartOf\":{\"@id\":\"https:\/\/exob2b.com\/en\/#website\"},\"datePublished\":\"2018-12-04T01:10:18+00:00\",\"dateModified\":\"2025-10-23T15:15:38+00:00\",\"description\":\"The B2B marketing Exoblog is still a benchmark. It features over 2,000 posts dedicated entirely to B2B, published by our team of experts.\",\"breadcrumb\":{\"@id\":\"https:\/\/exob2b.com\/en\/b2b-marketing-blog\/#breadcrumb\"},\"inLanguage\":\"en-CA\",\"potentialAction\":[{\"@type\":\"ReadAction\",\"target\":[\"https:\/\/exob2b.com\/en\/b2b-marketing-blog\/\"]}]},{\"@type\":\"BreadcrumbList\",\"@id\":\"https:\/\/exob2b.com\/en\/b2b-marketing-blog\/#breadcrumb\",\"itemListElement\":[{\"@type\":\"ListItem\",\"position\":1,\"name\":\"Accueil\",\"item\":\"https:\/\/exob2b.com\/en\/\"},{\"@type\":\"ListItem\",\"position\":2,\"name\":\"B2B marketing Exoblog\"}]},{\"@type\":\"WebSite\",\"@id\":\"https:\/\/exob2b.com\/en\/#website\",\"url\":\"https:\/\/exob2b.com\/en\/\",\"name\":\"ExoB2B\",\"description\":\"High precision integrated marketing\",\"publisher\":{\"@id\":\"https:\/\/exob2b.com\/en\/#organization\"},\"potentialAction\":[{\"@type\":\"SearchAction\",\"target\":{\"@type\":\"EntryPoint\",\"urlTemplate\":\"https:\/\/exob2b.com\/en\/?s={search_term_string}\"},\"query-input\":{\"@type\":\"PropertyValueSpecification\",\"valueRequired\":true,\"valueName\":\"search_term_string\"}}],\"inLanguage\":\"en-CA\"},{\"@type\":\"Organization\",\"@id\":\"https:\/\/exob2b.com\/en\/#organization\",\"name\":\"ExoB2B\",\"url\":\"https:\/\/exob2b.com\/en\/\",\"logo\":{\"@type\":\"ImageObject\",\"inLanguage\":\"en-CA\",\"@id\":\"https:\/\/exob2b.com\/en\/#\/schema\/logo\/image\/\",\"url\":\"https:\/\/exob2b.com\/wp-content\/uploads\/2025\/11\/exob2b-logo-696x696-1.jpg\",\"contentUrl\":\"https:\/\/exob2b.com\/wp-content\/uploads\/2025\/11\/exob2b-logo-696x696-1.jpg\",\"width\":696,\"height\":696,\"caption\":\"ExoB2B\"},\"image\":{\"@id\":\"https:\/\/exob2b.com\/en\/#\/schema\/logo\/image\/\"},\"sameAs\":[\"https:\/\/www.facebook.com\/ExoB2B\",\"https:\/\/www.linkedin.com\/company\/1903572\/admin\/dashboard\/\",\"https:\/\/www.youtube.com\/@Exob2b\",\"https:\/\/www.threads.com\/@exob2b\"],\"description\":\"Agence marketing B2B, Montr\u00e9al et Rive-Sud. Au service des grandes entreprises et des PME. ExoB2B est une agence marketing B2B \u00e0 la crois\u00e9e de la strat\u00e9gie, de la cr\u00e9ativit\u00e9 et du num\u00e9rique. Bas\u00e9s sur la Rive-Sud de Montr\u00e9al, nous aidons les entreprises \u00e0 se positionner avec clart\u00e9, b\u00e2tir une marque forte, g\u00e9n\u00e9rer des pistes de vente qualifi\u00e9es et cro\u00eetre durablement sur leurs march\u00e9s. Pionni\u00e8re du marketing B2B, ExoB2B fait \u00e9voluer la fa\u00e7on dont les marques pensent et performent.\",\"email\":\"info@exob2b.com\",\"telephone\":\"514-765-9888\",\"legalName\":\"ExoB2B\",\"foundingDate\":\"2002-01-20\",\"naics\":\"541810\",\"numberOfEmployees\":{\"@type\":\"QuantitativeValue\",\"minValue\":\"1\",\"maxValue\":\"10\"}}]}<\/script>\n<!-- \/ Yoast SEO Premium plugin. -->","yoast_head_json":{"title":"B2B marketing Exoblog","description":"The B2B marketing Exoblog is still a benchmark. It features over 2,000 posts dedicated entirely to B2B, published by our team of experts.","robots":{"index":"index","follow":"follow","max-snippet":"max-snippet:-1","max-image-preview":"max-image-preview:large","max-video-preview":"max-video-preview:-1"},"canonical":"https:\/\/exob2b.com\/en\/b2b-marketing-blog\/","og_locale":"en_US","og_type":"article","og_title":"B2B marketing Exoblog","og_description":"The B2B marketing Exoblog is still a benchmark. It features over 2,000 posts dedicated entirely to B2B, published by our team of experts.","og_url":"https:\/\/exob2b.com\/en\/b2b-marketing-blog\/","og_site_name":"ExoB2B","article_publisher":"https:\/\/www.facebook.com\/ExoB2B","article_modified_time":"2025-10-23T15:15:38+00:00","og_image":[{"width":1920,"height":1080,"url":"https:\/\/exob2b.com\/wp-content\/uploads\/2025\/08\/exob2b-marketing-b2b-meeting.jpg","type":"image\/jpeg"}],"twitter_card":"summary_large_image","twitter_misc":{"Est. reading time":"2 minutes"},"schema":{"@context":"https:\/\/schema.org","@graph":[{"@type":"WebPage","@id":"https:\/\/exob2b.com\/en\/b2b-marketing-blog\/","url":"https:\/\/exob2b.com\/en\/b2b-marketing-blog\/","name":"B2B marketing Exoblog","isPartOf":{"@id":"https:\/\/exob2b.com\/en\/#website"},"datePublished":"2018-12-04T01:10:18+00:00","dateModified":"2025-10-23T15:15:38+00:00","description":"The B2B marketing Exoblog is still a benchmark. It features over 2,000 posts dedicated entirely to B2B, published by our team of experts.","breadcrumb":{"@id":"https:\/\/exob2b.com\/en\/b2b-marketing-blog\/#breadcrumb"},"inLanguage":"en-CA","potentialAction":[{"@type":"ReadAction","target":["https:\/\/exob2b.com\/en\/b2b-marketing-blog\/"]}]},{"@type":"BreadcrumbList","@id":"https:\/\/exob2b.com\/en\/b2b-marketing-blog\/#breadcrumb","itemListElement":[{"@type":"ListItem","position":1,"name":"Accueil","item":"https:\/\/exob2b.com\/en\/"},{"@type":"ListItem","position":2,"name":"B2B marketing Exoblog"}]},{"@type":"WebSite","@id":"https:\/\/exob2b.com\/en\/#website","url":"https:\/\/exob2b.com\/en\/","name":"ExoB2B","description":"High precision integrated marketing","publisher":{"@id":"https:\/\/exob2b.com\/en\/#organization"},"potentialAction":[{"@type":"SearchAction","target":{"@type":"EntryPoint","urlTemplate":"https:\/\/exob2b.com\/en\/?s={search_term_string}"},"query-input":{"@type":"PropertyValueSpecification","valueRequired":true,"valueName":"search_term_string"}}],"inLanguage":"en-CA"},{"@type":"Organization","@id":"https:\/\/exob2b.com\/en\/#organization","name":"ExoB2B","url":"https:\/\/exob2b.com\/en\/","logo":{"@type":"ImageObject","inLanguage":"en-CA","@id":"https:\/\/exob2b.com\/en\/#\/schema\/logo\/image\/","url":"https:\/\/exob2b.com\/wp-content\/uploads\/2025\/11\/exob2b-logo-696x696-1.jpg","contentUrl":"https:\/\/exob2b.com\/wp-content\/uploads\/2025\/11\/exob2b-logo-696x696-1.jpg","width":696,"height":696,"caption":"ExoB2B"},"image":{"@id":"https:\/\/exob2b.com\/en\/#\/schema\/logo\/image\/"},"sameAs":["https:\/\/www.facebook.com\/ExoB2B","https:\/\/www.linkedin.com\/company\/1903572\/admin\/dashboard\/","https:\/\/www.youtube.com\/@Exob2b","https:\/\/www.threads.com\/@exob2b"],"description":"Agence marketing B2B, Montr\u00e9al et Rive-Sud. Au service des grandes entreprises et des PME. ExoB2B est une agence marketing B2B \u00e0 la crois\u00e9e de la strat\u00e9gie, de la cr\u00e9ativit\u00e9 et du num\u00e9rique. Bas\u00e9s sur la Rive-Sud de Montr\u00e9al, nous aidons les entreprises \u00e0 se positionner avec clart\u00e9, b\u00e2tir une marque forte, g\u00e9n\u00e9rer des pistes de vente qualifi\u00e9es et cro\u00eetre durablement sur leurs march\u00e9s. Pionni\u00e8re du marketing B2B, ExoB2B fait \u00e9voluer la fa\u00e7on dont les marques pensent et performent.","email":"info@exob2b.com","telephone":"514-765-9888","legalName":"ExoB2B","foundingDate":"2002-01-20","naics":"541810","numberOfEmployees":{"@type":"QuantitativeValue","minValue":"1","maxValue":"10"}}]}},"_links":{"self":[{"href":"https:\/\/exob2b.com\/en\/wp-json\/wp\/v2\/pages\/18004","targetHints":{"allow":["GET"]}}],"collection":[{"href":"https:\/\/exob2b.com\/en\/wp-json\/wp\/v2\/pages"}],"about":[{"href":"https:\/\/exob2b.com\/en\/wp-json\/wp\/v2\/types\/page"}],"author":[{"embeddable":true,"href":"https:\/\/exob2b.com\/en\/wp-json\/wp\/v2\/users\/1"}],"replies":[{"embeddable":true,"href":"https:\/\/exob2b.com\/en\/wp-json\/wp\/v2\/comments?post=18004"}],"version-history":[{"count":10,"href":"https:\/\/exob2b.com\/en\/wp-json\/wp\/v2\/pages\/18004\/revisions"}],"predecessor-version":[{"id":41404,"href":"https:\/\/exob2b.com\/en\/wp-json\/wp\/v2\/pages\/18004\/revisions\/41404"}],"wp:attachment":[{"href":"https:\/\/exob2b.com\/en\/wp-json\/wp\/v2\/media?parent=18004"}],"curies":[{"name":"wp","href":"https:\/\/api.w.org\/{rel}","templated":true}]}}