{"id":18006,"date":"2018-12-10T01:49:03","date_gmt":"2018-12-10T06:49:03","guid":{"rendered":"http:\/\/exob2b.com\/conditions-dutilisation\/"},"modified":"2023-09-21T15:52:39","modified_gmt":"2023-09-21T19:52:39","slug":"terms-of-use","status":"publish","type":"page","link":"https:\/\/exob2b.com\/en\/terms-of-use\/","title":{"rendered":"Terms of use"},"content":{"rendered":"<p>ExoB2B provides you on this Website (the \u2018site\u2019) with information and documents that are subject to the conditions presented in this document (\u2018User Conditions\u2019). By accessing this site, you accept the terms within.<\/p>\n<p>ExoB2B reserves the right to modify User Conditions at any time. At the moment of use, your use of the site will be subject to the most recent version of User Conditions published on this site. Additionally, during the use of specific documents on this site, you are subject to all directives or terms published on this site and applicable to the documents, which may contain addition conditions than those in the existing User Conditions.<\/p>\n<p>All these directives and terms are themselves included by reference in the User Conditions. Not respecting one or many of these User Conditions automatically forfeits your right to access this site, and you must destroy all documents and material that you have downloaded or printed from this site.<\/p>\n<p><strong>COPYRIGHT<\/strong><\/p>\n<p>The documents and information contained within this site are protected by copyright laws and\/or intellectual property laws. All non authorised use of these documents or information may constitute a violation of these laws. Except where indicated specifically in this document, ExoB2B and their partners do not give you any rights expressed or implied on the patents, copyright, brands, or commercial secrets relative to the content of this site.<\/p>\n<p>Except with explicit permission in this document, no document or information on this site may be reproduced, in whole or in part, in whatever manner, and by whatever means, without first receiving written permission from ExoB2B.<\/p>\n<p><strong>DOWNLOADING DOCUMENTS FROM THIS SITE<\/strong><\/p>\n<p>Except where explicitly specified on other sections of this site, you are authorised to consult, download, and print the documents and information available on this site under the following conditions:<\/p>\n<ul>\n<li>The documents can only be used for personal reasons, for information, internally, and only for non-profit purposes.<\/li>\n<li>The documents and information on this site may not be modified in any way.<\/li>\n<li>The documents and information may not be shared, broadcast, or published.<\/li>\n<li>In no case are you to delete the copyright or other propriety information contained within the documents and information.<\/li>\n<li>ExoB2B reserves the right to remove the right to consult, download, and print the information and documents on this site at any time. All use and rights aforementioned must be cancelled or cease to apply upon written request from ExoB2B.<\/li>\n<li>The rights granted to you constitute a licence and not a transfer of propriety.<\/li>\n<\/ul>\n<p>The rights aforementioned concerning consultation, download, and printing of documents and information available on this site do not apply to the creation and layout of this site.<\/p>\n<p>The elements of this site are all protected by current copyright laws. They can\u2019t be copied or imitated, either in part or in whole.<\/p>\n<p><strong>GENERAL CLAUSES<\/strong><\/p>\n<p>This site is controlled by the offices of ExoB2B. By accessing it, you accept that all questions relative to your access and use of the site are governed by the laws and regulations of this country.<\/p>\n<p><strong>BRANDS<\/strong><\/p>\n<p>All brands and logos displayed on this site are the property of ExoB2B. The use of these brands or logos is forbidden without explicit written permission by the owners of said logos or brands. ExoB2B and the ExoB2B logo are brands of \u2018ExoB2B\u2019.<\/p>\n","protected":false},"excerpt":{"rendered":"<p>ExoB2B provides you on this Website (the \u2018site\u2019) with information and documents that are subject to the conditions presented in this document (\u2018User Conditions\u2019). By accessing this site, you accept the terms within. ExoB2B reserves the right to modify User Conditions at any time. At the moment of use, your use of the site will [&hellip;]<\/p>\n","protected":false},"author":1,"featured_media":23435,"parent":0,"menu_order":0,"comment_status":"closed","ping_status":"closed","template":"page-templates\/page-generic-title.php","meta":{"_acf_changed":false,"footnotes":""},"class_list":["post-18006","page","type-page","status-publish","has-post-thumbnail","hentry"],"acf":[],"yoast_head":"<!-- This site is optimized with the Yoast SEO Premium plugin v26.7 (Yoast SEO v26.7) - https:\/\/yoast.com\/wordpress\/plugins\/seo\/ -->\n<title>Terms of use - ExoB2B<\/title>\n<meta name=\"robots\" content=\"index, follow, max-snippet:-1, max-image-preview:large, max-video-preview:-1\" \/>\n<link rel=\"canonical\" href=\"https:\/\/exob2b.com\/en\/terms-of-use\/\" \/>\n<meta property=\"og:locale\" content=\"en_US\" \/>\n<meta property=\"og:type\" content=\"article\" \/>\n<meta property=\"og:title\" content=\"Terms of use\" \/>\n<meta property=\"og:description\" content=\"ExoB2B provides you on this Website (the \u2018site\u2019) with information and documents that are subject to the conditions presented in this document (\u2018User Conditions\u2019). By accessing this site, you accept the terms within. ExoB2B reserves the right to modify User Conditions at any time. At the moment of use, your use of the site will [&hellip;]\" \/>\n<meta property=\"og:url\" content=\"https:\/\/exob2b.com\/en\/terms-of-use\/\" \/>\n<meta property=\"og:site_name\" content=\"ExoB2B\" \/>\n<meta property=\"article:publisher\" content=\"https:\/\/www.facebook.com\/ExoB2B\" \/>\n<meta property=\"article:modified_time\" content=\"2023-09-21T19:52:39+00:00\" \/>\n<meta property=\"og:image\" content=\"https:\/\/exob2b.com\/wp-content\/uploads\/2019\/01\/exo-generic-bkgd-1.jpg\" \/>\n\t<meta property=\"og:image:width\" content=\"1920\" \/>\n\t<meta property=\"og:image:height\" content=\"500\" \/>\n\t<meta property=\"og:image:type\" content=\"image\/jpeg\" \/>\n<meta name=\"twitter:card\" content=\"summary_large_image\" \/>\n<meta name=\"twitter:label1\" content=\"Est. reading time\" \/>\n\t<meta name=\"twitter:data1\" content=\"3 minutes\" \/>\n<script type=\"application\/ld+json\" class=\"yoast-schema-graph\">{\"@context\":\"https:\/\/schema.org\",\"@graph\":[{\"@type\":\"WebPage\",\"@id\":\"https:\/\/exob2b.com\/en\/terms-of-use\/\",\"url\":\"https:\/\/exob2b.com\/en\/terms-of-use\/\",\"name\":\"Terms of use - ExoB2B\",\"isPartOf\":{\"@id\":\"https:\/\/exob2b.com\/en\/#website\"},\"primaryImageOfPage\":{\"@id\":\"https:\/\/exob2b.com\/en\/terms-of-use\/#primaryimage\"},\"image\":{\"@id\":\"https:\/\/exob2b.com\/en\/terms-of-use\/#primaryimage\"},\"thumbnailUrl\":\"https:\/\/exob2b.com\/wp-content\/uploads\/2019\/01\/exo-generic-bkgd-1.jpg\",\"datePublished\":\"2018-12-10T06:49:03+00:00\",\"dateModified\":\"2023-09-21T19:52:39+00:00\",\"breadcrumb\":{\"@id\":\"https:\/\/exob2b.com\/en\/terms-of-use\/#breadcrumb\"},\"inLanguage\":\"en-CA\",\"potentialAction\":[{\"@type\":\"ReadAction\",\"target\":[\"https:\/\/exob2b.com\/en\/terms-of-use\/\"]}]},{\"@type\":\"ImageObject\",\"inLanguage\":\"en-CA\",\"@id\":\"https:\/\/exob2b.com\/en\/terms-of-use\/#primaryimage\",\"url\":\"https:\/\/exob2b.com\/wp-content\/uploads\/2019\/01\/exo-generic-bkgd-1.jpg\",\"contentUrl\":\"https:\/\/exob2b.com\/wp-content\/uploads\/2019\/01\/exo-generic-bkgd-1.jpg\",\"width\":1920,\"height\":500},{\"@type\":\"BreadcrumbList\",\"@id\":\"https:\/\/exob2b.com\/en\/terms-of-use\/#breadcrumb\",\"itemListElement\":[{\"@type\":\"ListItem\",\"position\":1,\"name\":\"Accueil\",\"item\":\"https:\/\/exob2b.com\/en\/\"},{\"@type\":\"ListItem\",\"position\":2,\"name\":\"Terms of use\"}]},{\"@type\":\"WebSite\",\"@id\":\"https:\/\/exob2b.com\/en\/#website\",\"url\":\"https:\/\/exob2b.com\/en\/\",\"name\":\"ExoB2B\",\"description\":\"High precision integrated marketing\",\"publisher\":{\"@id\":\"https:\/\/exob2b.com\/en\/#organization\"},\"potentialAction\":[{\"@type\":\"SearchAction\",\"target\":{\"@type\":\"EntryPoint\",\"urlTemplate\":\"https:\/\/exob2b.com\/en\/?s={search_term_string}\"},\"query-input\":{\"@type\":\"PropertyValueSpecification\",\"valueRequired\":true,\"valueName\":\"search_term_string\"}}],\"inLanguage\":\"en-CA\"},{\"@type\":\"Organization\",\"@id\":\"https:\/\/exob2b.com\/en\/#organization\",\"name\":\"ExoB2B\",\"url\":\"https:\/\/exob2b.com\/en\/\",\"logo\":{\"@type\":\"ImageObject\",\"inLanguage\":\"en-CA\",\"@id\":\"https:\/\/exob2b.com\/en\/#\/schema\/logo\/image\/\",\"url\":\"https:\/\/exob2b.com\/wp-content\/uploads\/2025\/11\/exob2b-logo-696x696-1.jpg\",\"contentUrl\":\"https:\/\/exob2b.com\/wp-content\/uploads\/2025\/11\/exob2b-logo-696x696-1.jpg\",\"width\":696,\"height\":696,\"caption\":\"ExoB2B\"},\"image\":{\"@id\":\"https:\/\/exob2b.com\/en\/#\/schema\/logo\/image\/\"},\"sameAs\":[\"https:\/\/www.facebook.com\/ExoB2B\",\"https:\/\/www.linkedin.com\/company\/1903572\/admin\/dashboard\/\",\"https:\/\/www.youtube.com\/@Exob2b\",\"https:\/\/www.threads.com\/@exob2b\"],\"description\":\"Agence marketing B2B, Montr\u00e9al et Rive-Sud. Au service des grandes entreprises et des PME. ExoB2B est une agence marketing B2B \u00e0 la crois\u00e9e de la strat\u00e9gie, de la cr\u00e9ativit\u00e9 et du num\u00e9rique. Bas\u00e9s sur la Rive-Sud de Montr\u00e9al, nous aidons les entreprises \u00e0 se positionner avec clart\u00e9, b\u00e2tir une marque forte, g\u00e9n\u00e9rer des pistes de vente qualifi\u00e9es et cro\u00eetre durablement sur leurs march\u00e9s. Pionni\u00e8re du marketing B2B, ExoB2B fait \u00e9voluer la fa\u00e7on dont les marques pensent et performent.\",\"email\":\"info@exob2b.com\",\"telephone\":\"514-765-9888\",\"legalName\":\"ExoB2B\",\"foundingDate\":\"2002-01-20\",\"naics\":\"541810\",\"numberOfEmployees\":{\"@type\":\"QuantitativeValue\",\"minValue\":\"1\",\"maxValue\":\"10\"}}]}<\/script>\n<!-- \/ Yoast SEO Premium plugin. -->","yoast_head_json":{"title":"Terms of use - ExoB2B","robots":{"index":"index","follow":"follow","max-snippet":"max-snippet:-1","max-image-preview":"max-image-preview:large","max-video-preview":"max-video-preview:-1"},"canonical":"https:\/\/exob2b.com\/en\/terms-of-use\/","og_locale":"en_US","og_type":"article","og_title":"Terms of use","og_description":"ExoB2B provides you on this Website (the \u2018site\u2019) with information and documents that are subject to the conditions presented in this document (\u2018User Conditions\u2019). By accessing this site, you accept the terms within. ExoB2B reserves the right to modify User Conditions at any time. At the moment of use, your use of the site will [&hellip;]","og_url":"https:\/\/exob2b.com\/en\/terms-of-use\/","og_site_name":"ExoB2B","article_publisher":"https:\/\/www.facebook.com\/ExoB2B","article_modified_time":"2023-09-21T19:52:39+00:00","og_image":[{"width":1920,"height":500,"url":"https:\/\/exob2b.com\/wp-content\/uploads\/2019\/01\/exo-generic-bkgd-1.jpg","type":"image\/jpeg"}],"twitter_card":"summary_large_image","twitter_misc":{"Est. reading time":"3 minutes"},"schema":{"@context":"https:\/\/schema.org","@graph":[{"@type":"WebPage","@id":"https:\/\/exob2b.com\/en\/terms-of-use\/","url":"https:\/\/exob2b.com\/en\/terms-of-use\/","name":"Terms of use - ExoB2B","isPartOf":{"@id":"https:\/\/exob2b.com\/en\/#website"},"primaryImageOfPage":{"@id":"https:\/\/exob2b.com\/en\/terms-of-use\/#primaryimage"},"image":{"@id":"https:\/\/exob2b.com\/en\/terms-of-use\/#primaryimage"},"thumbnailUrl":"https:\/\/exob2b.com\/wp-content\/uploads\/2019\/01\/exo-generic-bkgd-1.jpg","datePublished":"2018-12-10T06:49:03+00:00","dateModified":"2023-09-21T19:52:39+00:00","breadcrumb":{"@id":"https:\/\/exob2b.com\/en\/terms-of-use\/#breadcrumb"},"inLanguage":"en-CA","potentialAction":[{"@type":"ReadAction","target":["https:\/\/exob2b.com\/en\/terms-of-use\/"]}]},{"@type":"ImageObject","inLanguage":"en-CA","@id":"https:\/\/exob2b.com\/en\/terms-of-use\/#primaryimage","url":"https:\/\/exob2b.com\/wp-content\/uploads\/2019\/01\/exo-generic-bkgd-1.jpg","contentUrl":"https:\/\/exob2b.com\/wp-content\/uploads\/2019\/01\/exo-generic-bkgd-1.jpg","width":1920,"height":500},{"@type":"BreadcrumbList","@id":"https:\/\/exob2b.com\/en\/terms-of-use\/#breadcrumb","itemListElement":[{"@type":"ListItem","position":1,"name":"Accueil","item":"https:\/\/exob2b.com\/en\/"},{"@type":"ListItem","position":2,"name":"Terms of use"}]},{"@type":"WebSite","@id":"https:\/\/exob2b.com\/en\/#website","url":"https:\/\/exob2b.com\/en\/","name":"ExoB2B","description":"High precision integrated marketing","publisher":{"@id":"https:\/\/exob2b.com\/en\/#organization"},"potentialAction":[{"@type":"SearchAction","target":{"@type":"EntryPoint","urlTemplate":"https:\/\/exob2b.com\/en\/?s={search_term_string}"},"query-input":{"@type":"PropertyValueSpecification","valueRequired":true,"valueName":"search_term_string"}}],"inLanguage":"en-CA"},{"@type":"Organization","@id":"https:\/\/exob2b.com\/en\/#organization","name":"ExoB2B","url":"https:\/\/exob2b.com\/en\/","logo":{"@type":"ImageObject","inLanguage":"en-CA","@id":"https:\/\/exob2b.com\/en\/#\/schema\/logo\/image\/","url":"https:\/\/exob2b.com\/wp-content\/uploads\/2025\/11\/exob2b-logo-696x696-1.jpg","contentUrl":"https:\/\/exob2b.com\/wp-content\/uploads\/2025\/11\/exob2b-logo-696x696-1.jpg","width":696,"height":696,"caption":"ExoB2B"},"image":{"@id":"https:\/\/exob2b.com\/en\/#\/schema\/logo\/image\/"},"sameAs":["https:\/\/www.facebook.com\/ExoB2B","https:\/\/www.linkedin.com\/company\/1903572\/admin\/dashboard\/","https:\/\/www.youtube.com\/@Exob2b","https:\/\/www.threads.com\/@exob2b"],"description":"Agence marketing B2B, Montr\u00e9al et Rive-Sud. Au service des grandes entreprises et des PME. ExoB2B est une agence marketing B2B \u00e0 la crois\u00e9e de la strat\u00e9gie, de la cr\u00e9ativit\u00e9 et du num\u00e9rique. Bas\u00e9s sur la Rive-Sud de Montr\u00e9al, nous aidons les entreprises \u00e0 se positionner avec clart\u00e9, b\u00e2tir une marque forte, g\u00e9n\u00e9rer des pistes de vente qualifi\u00e9es et cro\u00eetre durablement sur leurs march\u00e9s. Pionni\u00e8re du marketing B2B, ExoB2B fait \u00e9voluer la fa\u00e7on dont les marques pensent et performent.","email":"info@exob2b.com","telephone":"514-765-9888","legalName":"ExoB2B","foundingDate":"2002-01-20","naics":"541810","numberOfEmployees":{"@type":"QuantitativeValue","minValue":"1","maxValue":"10"}}]}},"_links":{"self":[{"href":"https:\/\/exob2b.com\/en\/wp-json\/wp\/v2\/pages\/18006","targetHints":{"allow":["GET"]}}],"collection":[{"href":"https:\/\/exob2b.com\/en\/wp-json\/wp\/v2\/pages"}],"about":[{"href":"https:\/\/exob2b.com\/en\/wp-json\/wp\/v2\/types\/page"}],"author":[{"embeddable":true,"href":"https:\/\/exob2b.com\/en\/wp-json\/wp\/v2\/users\/1"}],"replies":[{"embeddable":true,"href":"https:\/\/exob2b.com\/en\/wp-json\/wp\/v2\/comments?post=18006"}],"version-history":[{"count":4,"href":"https:\/\/exob2b.com\/en\/wp-json\/wp\/v2\/pages\/18006\/revisions"}],"predecessor-version":[{"id":35699,"href":"https:\/\/exob2b.com\/en\/wp-json\/wp\/v2\/pages\/18006\/revisions\/35699"}],"wp:featuredmedia":[{"embeddable":true,"href":"https:\/\/exob2b.com\/en\/wp-json\/wp\/v2\/media\/23435"}],"wp:attachment":[{"href":"https:\/\/exob2b.com\/en\/wp-json\/wp\/v2\/media?parent=18006"}],"curies":[{"name":"wp","href":"https:\/\/api.w.org\/{rel}","templated":true}]}}