{"id":22310,"date":"2025-09-24T16:59:10","date_gmt":"2025-09-24T20:59:10","guid":{"rendered":"https:\/\/exob2b.com\/realisations\/"},"modified":"2025-10-10T13:28:07","modified_gmt":"2025-10-10T17:28:07","slug":"our-work","status":"publish","type":"page","link":"https:\/\/exob2b.com\/en\/our-work\/","title":{"rendered":"Our work"},"content":{"rendered":"\n<p class=\"has-text-align-left\">Here is an overview of our most recent achievements among more than 5,000 projects successfully completed since 2002.<\/p>\n","protected":false},"excerpt":{"rendered":"<p>Here is an overview of our most recent achievements among more than 5,000 projects successfully completed since 2002.<\/p>\n","protected":false},"author":12,"featured_media":0,"parent":0,"menu_order":0,"comment_status":"closed","ping_status":"closed","template":"page-templates\/page-realisations.php","meta":{"_acf_changed":false,"footnotes":""},"class_list":["post-22310","page","type-page","status-publish","hentry"],"acf":[],"yoast_head":"<!-- This site is optimized with the Yoast SEO Premium plugin v26.7 (Yoast SEO v26.7) - https:\/\/yoast.com\/wordpress\/plugins\/seo\/ -->\n<title>Our work - ExoB2B<\/title>\n<meta name=\"description\" content=\"Since 2002, ExoB2B has achieved over 3,000 projects in B2B marketing including websites, brochures, blogs, email campaigns, and more.\" \/>\n<meta name=\"robots\" content=\"index, follow, max-snippet:-1, max-image-preview:large, max-video-preview:-1\" \/>\n<link rel=\"canonical\" href=\"https:\/\/exob2b.com\/en\/our-work\/\" \/>\n<meta property=\"og:locale\" content=\"en_US\" \/>\n<meta property=\"og:type\" content=\"article\" \/>\n<meta property=\"og:title\" content=\"Our work\" \/>\n<meta property=\"og:description\" content=\"Since 2002, ExoB2B has achieved over 3,000 projects in B2B marketing including websites, brochures, blogs, email campaigns, and more.\" \/>\n<meta property=\"og:url\" content=\"https:\/\/exob2b.com\/en\/our-work\/\" \/>\n<meta property=\"og:site_name\" content=\"ExoB2B\" \/>\n<meta property=\"article:publisher\" content=\"https:\/\/www.facebook.com\/ExoB2B\" \/>\n<meta property=\"article:modified_time\" content=\"2025-10-10T17:28:07+00:00\" \/>\n<meta property=\"og:image\" content=\"https:\/\/exob2b.com\/wp-content\/uploads\/2025\/08\/exob2b-marketing-b2b-meeting.jpg\" \/>\n\t<meta property=\"og:image:width\" content=\"1920\" \/>\n\t<meta property=\"og:image:height\" content=\"1080\" \/>\n\t<meta property=\"og:image:type\" content=\"image\/jpeg\" \/>\n<meta name=\"twitter:card\" content=\"summary_large_image\" \/>\n<meta name=\"twitter:label1\" content=\"Est. reading time\" \/>\n\t<meta name=\"twitter:data1\" content=\"1 minute\" \/>\n<script type=\"application\/ld+json\" class=\"yoast-schema-graph\">{\"@context\":\"https:\/\/schema.org\",\"@graph\":[{\"@type\":\"WebPage\",\"@id\":\"https:\/\/exob2b.com\/en\/our-work\/\",\"url\":\"https:\/\/exob2b.com\/en\/our-work\/\",\"name\":\"Our work - ExoB2B\",\"isPartOf\":{\"@id\":\"https:\/\/exob2b.com\/en\/#website\"},\"datePublished\":\"2025-09-24T20:59:10+00:00\",\"dateModified\":\"2025-10-10T17:28:07+00:00\",\"description\":\"Since 2002, ExoB2B has achieved over 3,000 projects in B2B marketing including websites, brochures, blogs, email campaigns, and more.\",\"breadcrumb\":{\"@id\":\"https:\/\/exob2b.com\/en\/our-work\/#breadcrumb\"},\"inLanguage\":\"en-CA\",\"potentialAction\":[{\"@type\":\"ReadAction\",\"target\":[\"https:\/\/exob2b.com\/en\/our-work\/\"]}]},{\"@type\":\"BreadcrumbList\",\"@id\":\"https:\/\/exob2b.com\/en\/our-work\/#breadcrumb\",\"itemListElement\":[{\"@type\":\"ListItem\",\"position\":1,\"name\":\"Accueil\",\"item\":\"https:\/\/exob2b.com\/en\/\"},{\"@type\":\"ListItem\",\"position\":2,\"name\":\"Our work\"}]},{\"@type\":\"WebSite\",\"@id\":\"https:\/\/exob2b.com\/en\/#website\",\"url\":\"https:\/\/exob2b.com\/en\/\",\"name\":\"ExoB2B\",\"description\":\"High precision integrated marketing\",\"publisher\":{\"@id\":\"https:\/\/exob2b.com\/en\/#organization\"},\"potentialAction\":[{\"@type\":\"SearchAction\",\"target\":{\"@type\":\"EntryPoint\",\"urlTemplate\":\"https:\/\/exob2b.com\/en\/?s={search_term_string}\"},\"query-input\":{\"@type\":\"PropertyValueSpecification\",\"valueRequired\":true,\"valueName\":\"search_term_string\"}}],\"inLanguage\":\"en-CA\"},{\"@type\":\"Organization\",\"@id\":\"https:\/\/exob2b.com\/en\/#organization\",\"name\":\"ExoB2B\",\"url\":\"https:\/\/exob2b.com\/en\/\",\"logo\":{\"@type\":\"ImageObject\",\"inLanguage\":\"en-CA\",\"@id\":\"https:\/\/exob2b.com\/en\/#\/schema\/logo\/image\/\",\"url\":\"https:\/\/exob2b.com\/wp-content\/uploads\/2025\/11\/exob2b-logo-696x696-1.jpg\",\"contentUrl\":\"https:\/\/exob2b.com\/wp-content\/uploads\/2025\/11\/exob2b-logo-696x696-1.jpg\",\"width\":696,\"height\":696,\"caption\":\"ExoB2B\"},\"image\":{\"@id\":\"https:\/\/exob2b.com\/en\/#\/schema\/logo\/image\/\"},\"sameAs\":[\"https:\/\/www.facebook.com\/ExoB2B\",\"https:\/\/www.linkedin.com\/company\/1903572\/admin\/dashboard\/\",\"https:\/\/www.youtube.com\/@Exob2b\",\"https:\/\/www.threads.com\/@exob2b\"],\"description\":\"Agence marketing B2B, Montr\u00e9al et Rive-Sud. Au service des grandes entreprises et des PME. ExoB2B est une agence marketing B2B \u00e0 la crois\u00e9e de la strat\u00e9gie, de la cr\u00e9ativit\u00e9 et du num\u00e9rique. Bas\u00e9s sur la Rive-Sud de Montr\u00e9al, nous aidons les entreprises \u00e0 se positionner avec clart\u00e9, b\u00e2tir une marque forte, g\u00e9n\u00e9rer des pistes de vente qualifi\u00e9es et cro\u00eetre durablement sur leurs march\u00e9s. Pionni\u00e8re du marketing B2B, ExoB2B fait \u00e9voluer la fa\u00e7on dont les marques pensent et performent.\",\"email\":\"info@exob2b.com\",\"telephone\":\"514-765-9888\",\"legalName\":\"ExoB2B\",\"foundingDate\":\"2002-01-20\",\"naics\":\"541810\",\"numberOfEmployees\":{\"@type\":\"QuantitativeValue\",\"minValue\":\"1\",\"maxValue\":\"10\"}}]}<\/script>\n<!-- \/ Yoast SEO Premium plugin. -->","yoast_head_json":{"title":"Our work - ExoB2B","description":"Since 2002, ExoB2B has achieved over 3,000 projects in B2B marketing including websites, brochures, blogs, email campaigns, and more.","robots":{"index":"index","follow":"follow","max-snippet":"max-snippet:-1","max-image-preview":"max-image-preview:large","max-video-preview":"max-video-preview:-1"},"canonical":"https:\/\/exob2b.com\/en\/our-work\/","og_locale":"en_US","og_type":"article","og_title":"Our work","og_description":"Since 2002, ExoB2B has achieved over 3,000 projects in B2B marketing including websites, brochures, blogs, email campaigns, and more.","og_url":"https:\/\/exob2b.com\/en\/our-work\/","og_site_name":"ExoB2B","article_publisher":"https:\/\/www.facebook.com\/ExoB2B","article_modified_time":"2025-10-10T17:28:07+00:00","og_image":[{"width":1920,"height":1080,"url":"https:\/\/exob2b.com\/wp-content\/uploads\/2025\/08\/exob2b-marketing-b2b-meeting.jpg","type":"image\/jpeg"}],"twitter_card":"summary_large_image","twitter_misc":{"Est. reading time":"1 minute"},"schema":{"@context":"https:\/\/schema.org","@graph":[{"@type":"WebPage","@id":"https:\/\/exob2b.com\/en\/our-work\/","url":"https:\/\/exob2b.com\/en\/our-work\/","name":"Our work - ExoB2B","isPartOf":{"@id":"https:\/\/exob2b.com\/en\/#website"},"datePublished":"2025-09-24T20:59:10+00:00","dateModified":"2025-10-10T17:28:07+00:00","description":"Since 2002, ExoB2B has achieved over 3,000 projects in B2B marketing including websites, brochures, blogs, email campaigns, and more.","breadcrumb":{"@id":"https:\/\/exob2b.com\/en\/our-work\/#breadcrumb"},"inLanguage":"en-CA","potentialAction":[{"@type":"ReadAction","target":["https:\/\/exob2b.com\/en\/our-work\/"]}]},{"@type":"BreadcrumbList","@id":"https:\/\/exob2b.com\/en\/our-work\/#breadcrumb","itemListElement":[{"@type":"ListItem","position":1,"name":"Accueil","item":"https:\/\/exob2b.com\/en\/"},{"@type":"ListItem","position":2,"name":"Our work"}]},{"@type":"WebSite","@id":"https:\/\/exob2b.com\/en\/#website","url":"https:\/\/exob2b.com\/en\/","name":"ExoB2B","description":"High precision integrated marketing","publisher":{"@id":"https:\/\/exob2b.com\/en\/#organization"},"potentialAction":[{"@type":"SearchAction","target":{"@type":"EntryPoint","urlTemplate":"https:\/\/exob2b.com\/en\/?s={search_term_string}"},"query-input":{"@type":"PropertyValueSpecification","valueRequired":true,"valueName":"search_term_string"}}],"inLanguage":"en-CA"},{"@type":"Organization","@id":"https:\/\/exob2b.com\/en\/#organization","name":"ExoB2B","url":"https:\/\/exob2b.com\/en\/","logo":{"@type":"ImageObject","inLanguage":"en-CA","@id":"https:\/\/exob2b.com\/en\/#\/schema\/logo\/image\/","url":"https:\/\/exob2b.com\/wp-content\/uploads\/2025\/11\/exob2b-logo-696x696-1.jpg","contentUrl":"https:\/\/exob2b.com\/wp-content\/uploads\/2025\/11\/exob2b-logo-696x696-1.jpg","width":696,"height":696,"caption":"ExoB2B"},"image":{"@id":"https:\/\/exob2b.com\/en\/#\/schema\/logo\/image\/"},"sameAs":["https:\/\/www.facebook.com\/ExoB2B","https:\/\/www.linkedin.com\/company\/1903572\/admin\/dashboard\/","https:\/\/www.youtube.com\/@Exob2b","https:\/\/www.threads.com\/@exob2b"],"description":"Agence marketing B2B, Montr\u00e9al et Rive-Sud. Au service des grandes entreprises et des PME. ExoB2B est une agence marketing B2B \u00e0 la crois\u00e9e de la strat\u00e9gie, de la cr\u00e9ativit\u00e9 et du num\u00e9rique. Bas\u00e9s sur la Rive-Sud de Montr\u00e9al, nous aidons les entreprises \u00e0 se positionner avec clart\u00e9, b\u00e2tir une marque forte, g\u00e9n\u00e9rer des pistes de vente qualifi\u00e9es et cro\u00eetre durablement sur leurs march\u00e9s. Pionni\u00e8re du marketing B2B, ExoB2B fait \u00e9voluer la fa\u00e7on dont les marques pensent et performent.","email":"info@exob2b.com","telephone":"514-765-9888","legalName":"ExoB2B","foundingDate":"2002-01-20","naics":"541810","numberOfEmployees":{"@type":"QuantitativeValue","minValue":"1","maxValue":"10"}}]}},"_links":{"self":[{"href":"https:\/\/exob2b.com\/en\/wp-json\/wp\/v2\/pages\/22310","targetHints":{"allow":["GET"]}}],"collection":[{"href":"https:\/\/exob2b.com\/en\/wp-json\/wp\/v2\/pages"}],"about":[{"href":"https:\/\/exob2b.com\/en\/wp-json\/wp\/v2\/types\/page"}],"author":[{"embeddable":true,"href":"https:\/\/exob2b.com\/en\/wp-json\/wp\/v2\/users\/12"}],"replies":[{"embeddable":true,"href":"https:\/\/exob2b.com\/en\/wp-json\/wp\/v2\/comments?post=22310"}],"version-history":[{"count":6,"href":"https:\/\/exob2b.com\/en\/wp-json\/wp\/v2\/pages\/22310\/revisions"}],"predecessor-version":[{"id":41048,"href":"https:\/\/exob2b.com\/en\/wp-json\/wp\/v2\/pages\/22310\/revisions\/41048"}],"wp:attachment":[{"href":"https:\/\/exob2b.com\/en\/wp-json\/wp\/v2\/media?parent=22310"}],"curies":[{"name":"wp","href":"https:\/\/api.w.org\/{rel}","templated":true}]}}