{"id":25734,"date":"2020-01-16T13:22:39","date_gmt":"2020-01-16T18:22:39","guid":{"rendered":"https:\/\/exob2b.com\/?page_id=25734"},"modified":"2023-09-21T15:54:19","modified_gmt":"2023-09-21T19:54:19","slug":"privacy-policy","status":"publish","type":"page","link":"https:\/\/exob2b.com\/en\/privacy-policy\/","title":{"rendered":"Privacy Policy"},"content":{"rendered":"\n<figure class=\"wp-block-table loi25\"><table><thead><tr><th class=\"has-text-align-left\" data-align=\"left\"><strong>LOI 25<\/strong><\/th><\/tr><\/thead><tbody><tr><td class=\"has-text-align-left\" data-align=\"left\">September 20, 2023 &#8211; Over the past few weeks, we&#8217;ve been reviewing our privacy practices. The objective? To ensure that the personal information we collect is handled with the utmost transparency, while complying with the new regulations soon to come into force (Loi 25).<br><br>As a result of this process, our Privacy Policy has been enhanced and updated, and we have designated Lynda St-Arneault, President of ExoB2B, as our Privacy Officer. She can be reached at the following address: <a href=\"mailto:infoloi25@exob2b.com\">infoloi25@exob2b.com<\/a><\/td><\/tr><\/tbody><\/table><\/figure>\n\n\n<p>Protecting confidentiality and privacy is important to ExoB2B. In this document, ExoB2B divulges their practices relative to the information in their Website, including the type of information Exo wants to gather, and the way it gathers it.<\/p>\n<p><strong>GATHERING INFORMATION AND PRIVACY PROTECTION<\/strong><\/p>\n<p>You may choose to divulge to ExoB2B personal information in various situations. For example, you may decide to provide ExoB2B with information such as your name, address, and e-mail, which is important to have if we want to communicate. In order to protect the privacy of our clients, all information that we gather is subject to strict security standards and procedures.<\/p>\n<p>Subsequently, if you indicate that you don\u2019t want ExoB2B to use the information we have to communicate with you, ExoB2B will respect that request.<\/p>\n<p><strong>INFORMATION UTILISATION<\/strong><\/p>\n<p>The information that we gather is used to enhance the content of our Website and can be used to contact you by e-mail in order to provide you with information that we deem interesting for you. The information you provide us will never be sold, rented, or leased to any third party.<\/p>\n<p><strong>ACCESS TO INFORMATION<\/strong><\/p>\n<p>You may access you personal information at anytime by contacting us. If you have any questions about our privacy protection policies, or our information protection policies, do not hesitate to contact us.<\/p>","protected":false},"excerpt":{"rendered":"<p>LOI 25 September 20, 2023 &#8211; Over the past few weeks, we&#8217;ve been reviewing our privacy practices. The objective? To ensure that the personal information we collect is handled with the utmost transparency, while complying with the new regulations soon to come into force (Loi 25). As a result of this process, our Privacy Policy [&hellip;]<\/p>\n","protected":false},"author":12,"featured_media":23435,"parent":0,"menu_order":0,"comment_status":"closed","ping_status":"closed","template":"page-templates\/page-generic-title.php","meta":{"_acf_changed":false,"footnotes":""},"class_list":["post-25734","page","type-page","status-publish","has-post-thumbnail","hentry"],"acf":[],"yoast_head":"<!-- This site is optimized with the Yoast SEO Premium plugin v26.7 (Yoast SEO v26.7) - https:\/\/yoast.com\/wordpress\/plugins\/seo\/ -->\n<title>Privacy Policy - ExoB2B<\/title>\n<meta name=\"robots\" content=\"index, follow, max-snippet:-1, max-image-preview:large, max-video-preview:-1\" \/>\n<link rel=\"canonical\" href=\"https:\/\/exob2b.com\/en\/privacy-policy\/\" \/>\n<meta property=\"og:locale\" content=\"en_US\" \/>\n<meta property=\"og:type\" content=\"article\" \/>\n<meta property=\"og:title\" content=\"Privacy Policy\" \/>\n<meta property=\"og:description\" content=\"LOI 25 September 20, 2023 &#8211; Over the past few weeks, we&#8217;ve been reviewing our privacy practices. The objective? To ensure that the personal information we collect is handled with the utmost transparency, while complying with the new regulations soon to come into force (Loi 25). As a result of this process, our Privacy Policy [&hellip;]\" \/>\n<meta property=\"og:url\" content=\"https:\/\/exob2b.com\/en\/privacy-policy\/\" \/>\n<meta property=\"og:site_name\" content=\"ExoB2B\" \/>\n<meta property=\"article:publisher\" content=\"https:\/\/www.facebook.com\/ExoB2B\" \/>\n<meta property=\"article:modified_time\" content=\"2023-09-21T19:54:19+00:00\" \/>\n<meta property=\"og:image\" content=\"https:\/\/exob2b.com\/wp-content\/uploads\/2019\/01\/exo-generic-bkgd-1.jpg\" \/>\n\t<meta property=\"og:image:width\" content=\"1920\" \/>\n\t<meta property=\"og:image:height\" content=\"500\" \/>\n\t<meta property=\"og:image:type\" content=\"image\/jpeg\" \/>\n<meta name=\"twitter:card\" content=\"summary_large_image\" \/>\n<meta name=\"twitter:label1\" content=\"Est. reading time\" \/>\n\t<meta name=\"twitter:data1\" content=\"2 minutes\" \/>\n<script type=\"application\/ld+json\" class=\"yoast-schema-graph\">{\"@context\":\"https:\/\/schema.org\",\"@graph\":[{\"@type\":\"WebPage\",\"@id\":\"https:\/\/exob2b.com\/en\/privacy-policy\/\",\"url\":\"https:\/\/exob2b.com\/en\/privacy-policy\/\",\"name\":\"Privacy Policy - ExoB2B\",\"isPartOf\":{\"@id\":\"https:\/\/exob2b.com\/en\/#website\"},\"primaryImageOfPage\":{\"@id\":\"https:\/\/exob2b.com\/en\/privacy-policy\/#primaryimage\"},\"image\":{\"@id\":\"https:\/\/exob2b.com\/en\/privacy-policy\/#primaryimage\"},\"thumbnailUrl\":\"https:\/\/exob2b.com\/wp-content\/uploads\/2019\/01\/exo-generic-bkgd-1.jpg\",\"datePublished\":\"2020-01-16T18:22:39+00:00\",\"dateModified\":\"2023-09-21T19:54:19+00:00\",\"breadcrumb\":{\"@id\":\"https:\/\/exob2b.com\/en\/privacy-policy\/#breadcrumb\"},\"inLanguage\":\"en-CA\",\"potentialAction\":[{\"@type\":\"ReadAction\",\"target\":[\"https:\/\/exob2b.com\/en\/privacy-policy\/\"]}]},{\"@type\":\"ImageObject\",\"inLanguage\":\"en-CA\",\"@id\":\"https:\/\/exob2b.com\/en\/privacy-policy\/#primaryimage\",\"url\":\"https:\/\/exob2b.com\/wp-content\/uploads\/2019\/01\/exo-generic-bkgd-1.jpg\",\"contentUrl\":\"https:\/\/exob2b.com\/wp-content\/uploads\/2019\/01\/exo-generic-bkgd-1.jpg\",\"width\":1920,\"height\":500},{\"@type\":\"BreadcrumbList\",\"@id\":\"https:\/\/exob2b.com\/en\/privacy-policy\/#breadcrumb\",\"itemListElement\":[{\"@type\":\"ListItem\",\"position\":1,\"name\":\"Accueil\",\"item\":\"https:\/\/exob2b.com\/en\/\"},{\"@type\":\"ListItem\",\"position\":2,\"name\":\"Privacy Policy\"}]},{\"@type\":\"WebSite\",\"@id\":\"https:\/\/exob2b.com\/en\/#website\",\"url\":\"https:\/\/exob2b.com\/en\/\",\"name\":\"ExoB2B\",\"description\":\"High precision integrated marketing\",\"publisher\":{\"@id\":\"https:\/\/exob2b.com\/en\/#organization\"},\"potentialAction\":[{\"@type\":\"SearchAction\",\"target\":{\"@type\":\"EntryPoint\",\"urlTemplate\":\"https:\/\/exob2b.com\/en\/?s={search_term_string}\"},\"query-input\":{\"@type\":\"PropertyValueSpecification\",\"valueRequired\":true,\"valueName\":\"search_term_string\"}}],\"inLanguage\":\"en-CA\"},{\"@type\":\"Organization\",\"@id\":\"https:\/\/exob2b.com\/en\/#organization\",\"name\":\"ExoB2B\",\"url\":\"https:\/\/exob2b.com\/en\/\",\"logo\":{\"@type\":\"ImageObject\",\"inLanguage\":\"en-CA\",\"@id\":\"https:\/\/exob2b.com\/en\/#\/schema\/logo\/image\/\",\"url\":\"https:\/\/exob2b.com\/wp-content\/uploads\/2025\/11\/exob2b-logo-696x696-1.jpg\",\"contentUrl\":\"https:\/\/exob2b.com\/wp-content\/uploads\/2025\/11\/exob2b-logo-696x696-1.jpg\",\"width\":696,\"height\":696,\"caption\":\"ExoB2B\"},\"image\":{\"@id\":\"https:\/\/exob2b.com\/en\/#\/schema\/logo\/image\/\"},\"sameAs\":[\"https:\/\/www.facebook.com\/ExoB2B\",\"https:\/\/www.linkedin.com\/company\/1903572\/admin\/dashboard\/\",\"https:\/\/www.youtube.com\/@Exob2b\",\"https:\/\/www.threads.com\/@exob2b\"],\"description\":\"Agence marketing B2B, Montr\u00e9al et Rive-Sud. Au service des grandes entreprises et des PME. ExoB2B est une agence marketing B2B \u00e0 la crois\u00e9e de la strat\u00e9gie, de la cr\u00e9ativit\u00e9 et du num\u00e9rique. Bas\u00e9s sur la Rive-Sud de Montr\u00e9al, nous aidons les entreprises \u00e0 se positionner avec clart\u00e9, b\u00e2tir une marque forte, g\u00e9n\u00e9rer des pistes de vente qualifi\u00e9es et cro\u00eetre durablement sur leurs march\u00e9s. Pionni\u00e8re du marketing B2B, ExoB2B fait \u00e9voluer la fa\u00e7on dont les marques pensent et performent.\",\"email\":\"info@exob2b.com\",\"telephone\":\"514-765-9888\",\"legalName\":\"ExoB2B\",\"foundingDate\":\"2002-01-20\",\"naics\":\"541810\",\"numberOfEmployees\":{\"@type\":\"QuantitativeValue\",\"minValue\":\"1\",\"maxValue\":\"10\"}}]}<\/script>\n<!-- \/ Yoast SEO Premium plugin. -->","yoast_head_json":{"title":"Privacy Policy - ExoB2B","robots":{"index":"index","follow":"follow","max-snippet":"max-snippet:-1","max-image-preview":"max-image-preview:large","max-video-preview":"max-video-preview:-1"},"canonical":"https:\/\/exob2b.com\/en\/privacy-policy\/","og_locale":"en_US","og_type":"article","og_title":"Privacy Policy","og_description":"LOI 25 September 20, 2023 &#8211; Over the past few weeks, we&#8217;ve been reviewing our privacy practices. The objective? To ensure that the personal information we collect is handled with the utmost transparency, while complying with the new regulations soon to come into force (Loi 25). As a result of this process, our Privacy Policy [&hellip;]","og_url":"https:\/\/exob2b.com\/en\/privacy-policy\/","og_site_name":"ExoB2B","article_publisher":"https:\/\/www.facebook.com\/ExoB2B","article_modified_time":"2023-09-21T19:54:19+00:00","og_image":[{"width":1920,"height":500,"url":"https:\/\/exob2b.com\/wp-content\/uploads\/2019\/01\/exo-generic-bkgd-1.jpg","type":"image\/jpeg"}],"twitter_card":"summary_large_image","twitter_misc":{"Est. reading time":"2 minutes"},"schema":{"@context":"https:\/\/schema.org","@graph":[{"@type":"WebPage","@id":"https:\/\/exob2b.com\/en\/privacy-policy\/","url":"https:\/\/exob2b.com\/en\/privacy-policy\/","name":"Privacy Policy - ExoB2B","isPartOf":{"@id":"https:\/\/exob2b.com\/en\/#website"},"primaryImageOfPage":{"@id":"https:\/\/exob2b.com\/en\/privacy-policy\/#primaryimage"},"image":{"@id":"https:\/\/exob2b.com\/en\/privacy-policy\/#primaryimage"},"thumbnailUrl":"https:\/\/exob2b.com\/wp-content\/uploads\/2019\/01\/exo-generic-bkgd-1.jpg","datePublished":"2020-01-16T18:22:39+00:00","dateModified":"2023-09-21T19:54:19+00:00","breadcrumb":{"@id":"https:\/\/exob2b.com\/en\/privacy-policy\/#breadcrumb"},"inLanguage":"en-CA","potentialAction":[{"@type":"ReadAction","target":["https:\/\/exob2b.com\/en\/privacy-policy\/"]}]},{"@type":"ImageObject","inLanguage":"en-CA","@id":"https:\/\/exob2b.com\/en\/privacy-policy\/#primaryimage","url":"https:\/\/exob2b.com\/wp-content\/uploads\/2019\/01\/exo-generic-bkgd-1.jpg","contentUrl":"https:\/\/exob2b.com\/wp-content\/uploads\/2019\/01\/exo-generic-bkgd-1.jpg","width":1920,"height":500},{"@type":"BreadcrumbList","@id":"https:\/\/exob2b.com\/en\/privacy-policy\/#breadcrumb","itemListElement":[{"@type":"ListItem","position":1,"name":"Accueil","item":"https:\/\/exob2b.com\/en\/"},{"@type":"ListItem","position":2,"name":"Privacy Policy"}]},{"@type":"WebSite","@id":"https:\/\/exob2b.com\/en\/#website","url":"https:\/\/exob2b.com\/en\/","name":"ExoB2B","description":"High precision integrated marketing","publisher":{"@id":"https:\/\/exob2b.com\/en\/#organization"},"potentialAction":[{"@type":"SearchAction","target":{"@type":"EntryPoint","urlTemplate":"https:\/\/exob2b.com\/en\/?s={search_term_string}"},"query-input":{"@type":"PropertyValueSpecification","valueRequired":true,"valueName":"search_term_string"}}],"inLanguage":"en-CA"},{"@type":"Organization","@id":"https:\/\/exob2b.com\/en\/#organization","name":"ExoB2B","url":"https:\/\/exob2b.com\/en\/","logo":{"@type":"ImageObject","inLanguage":"en-CA","@id":"https:\/\/exob2b.com\/en\/#\/schema\/logo\/image\/","url":"https:\/\/exob2b.com\/wp-content\/uploads\/2025\/11\/exob2b-logo-696x696-1.jpg","contentUrl":"https:\/\/exob2b.com\/wp-content\/uploads\/2025\/11\/exob2b-logo-696x696-1.jpg","width":696,"height":696,"caption":"ExoB2B"},"image":{"@id":"https:\/\/exob2b.com\/en\/#\/schema\/logo\/image\/"},"sameAs":["https:\/\/www.facebook.com\/ExoB2B","https:\/\/www.linkedin.com\/company\/1903572\/admin\/dashboard\/","https:\/\/www.youtube.com\/@Exob2b","https:\/\/www.threads.com\/@exob2b"],"description":"Agence marketing B2B, Montr\u00e9al et Rive-Sud. Au service des grandes entreprises et des PME. ExoB2B est une agence marketing B2B \u00e0 la crois\u00e9e de la strat\u00e9gie, de la cr\u00e9ativit\u00e9 et du num\u00e9rique. Bas\u00e9s sur la Rive-Sud de Montr\u00e9al, nous aidons les entreprises \u00e0 se positionner avec clart\u00e9, b\u00e2tir une marque forte, g\u00e9n\u00e9rer des pistes de vente qualifi\u00e9es et cro\u00eetre durablement sur leurs march\u00e9s. Pionni\u00e8re du marketing B2B, ExoB2B fait \u00e9voluer la fa\u00e7on dont les marques pensent et performent.","email":"info@exob2b.com","telephone":"514-765-9888","legalName":"ExoB2B","foundingDate":"2002-01-20","naics":"541810","numberOfEmployees":{"@type":"QuantitativeValue","minValue":"1","maxValue":"10"}}]}},"_links":{"self":[{"href":"https:\/\/exob2b.com\/en\/wp-json\/wp\/v2\/pages\/25734","targetHints":{"allow":["GET"]}}],"collection":[{"href":"https:\/\/exob2b.com\/en\/wp-json\/wp\/v2\/pages"}],"about":[{"href":"https:\/\/exob2b.com\/en\/wp-json\/wp\/v2\/types\/page"}],"author":[{"embeddable":true,"href":"https:\/\/exob2b.com\/en\/wp-json\/wp\/v2\/users\/12"}],"replies":[{"embeddable":true,"href":"https:\/\/exob2b.com\/en\/wp-json\/wp\/v2\/comments?post=25734"}],"version-history":[{"count":3,"href":"https:\/\/exob2b.com\/en\/wp-json\/wp\/v2\/pages\/25734\/revisions"}],"predecessor-version":[{"id":35701,"href":"https:\/\/exob2b.com\/en\/wp-json\/wp\/v2\/pages\/25734\/revisions\/35701"}],"wp:featuredmedia":[{"embeddable":true,"href":"https:\/\/exob2b.com\/en\/wp-json\/wp\/v2\/media\/23435"}],"wp:attachment":[{"href":"https:\/\/exob2b.com\/en\/wp-json\/wp\/v2\/media?parent=25734"}],"curies":[{"name":"wp","href":"https:\/\/api.w.org\/{rel}","templated":true}]}}