{"id":34877,"date":"2025-09-04T08:28:00","date_gmt":"2025-09-04T12:28:00","guid":{"rendered":"https:\/\/exob2b.com\/marketing-b2b\/"},"modified":"2026-02-27T11:40:51","modified_gmt":"2026-02-27T16:40:51","slug":"b2b-marketing","status":"publish","type":"page","link":"https:\/\/exob2b.com\/en\/b2b-marketing\/","title":{"rendered":"B2B marketing"},"content":{"rendered":"","protected":false},"excerpt":{"rendered":"","protected":false},"author":12,"featured_media":39867,"parent":0,"menu_order":0,"comment_status":"closed","ping_status":"closed","template":"page-templates\/page-marketing_b2b.php","meta":{"_acf_changed":false,"footnotes":""},"class_list":["post-34877","page","type-page","status-publish","has-post-thumbnail","hentry"],"acf":[],"yoast_head":"<!-- This site is optimized with the Yoast SEO Premium plugin v26.7 (Yoast SEO v26.7) - https:\/\/yoast.com\/wordpress\/plugins\/seo\/ -->\n<title>B2B Marketing: Strategy, Content, and AI | ExoB2B Guide<\/title>\n<meta name=\"description\" content=\"B2B Marketing: An essential guide to clarifying your strategy, aligning marketing and sales, and improving your performance today.\" \/>\n<meta name=\"robots\" content=\"index, follow, max-snippet:-1, max-image-preview:large, max-video-preview:-1\" \/>\n<link rel=\"canonical\" href=\"https:\/\/exob2b.com\/en\/b2b-marketing\/\" \/>\n<meta property=\"og:locale\" content=\"en_US\" \/>\n<meta property=\"og:type\" content=\"article\" \/>\n<meta property=\"og:title\" content=\"B2B marketing\" \/>\n<meta property=\"og:description\" content=\"B2B Marketing: An essential guide to clarifying your strategy, aligning marketing and sales, and improving your performance today.\" \/>\n<meta property=\"og:url\" content=\"https:\/\/exob2b.com\/en\/b2b-marketing\/\" \/>\n<meta property=\"og:site_name\" content=\"ExoB2B\" \/>\n<meta property=\"article:publisher\" content=\"https:\/\/www.facebook.com\/ExoB2B\" \/>\n<meta property=\"article:modified_time\" content=\"2026-02-27T16:40:51+00:00\" \/>\n<meta property=\"og:image\" content=\"https:\/\/exob2b.com\/wp-content\/uploads\/2025\/08\/exob2b-marketing-b2b-06.jpg\" \/>\n\t<meta property=\"og:image:width\" content=\"1920\" \/>\n\t<meta property=\"og:image:height\" content=\"900\" \/>\n\t<meta property=\"og:image:type\" content=\"image\/jpeg\" \/>\n<meta name=\"twitter:card\" content=\"summary_large_image\" \/>\n<meta name=\"twitter:label1\" content=\"Est. reading time\" \/>\n\t<meta name=\"twitter:data1\" content=\"9 minutes\" \/>\n<script type=\"application\/ld+json\" class=\"yoast-schema-graph\">{\"@context\":\"https:\/\/schema.org\",\"@graph\":[{\"@type\":\"WebPage\",\"@id\":\"https:\/\/exob2b.com\/en\/b2b-marketing\/\",\"url\":\"https:\/\/exob2b.com\/en\/b2b-marketing\/\",\"name\":\"B2B Marketing: Strategy, Content, and AI | ExoB2B Guide\",\"isPartOf\":{\"@id\":\"https:\/\/exob2b.com\/en\/#website\"},\"primaryImageOfPage\":{\"@id\":\"https:\/\/exob2b.com\/en\/b2b-marketing\/#primaryimage\"},\"image\":{\"@id\":\"https:\/\/exob2b.com\/en\/b2b-marketing\/#primaryimage\"},\"thumbnailUrl\":\"https:\/\/exob2b.com\/wp-content\/uploads\/2025\/08\/exob2b-marketing-b2b-06.jpg\",\"datePublished\":\"2025-09-04T12:28:00+00:00\",\"dateModified\":\"2026-02-27T16:40:51+00:00\",\"description\":\"B2B Marketing: An essential guide to clarifying your strategy, aligning marketing and sales, and improving your performance today.\",\"breadcrumb\":{\"@id\":\"https:\/\/exob2b.com\/en\/b2b-marketing\/#breadcrumb\"},\"inLanguage\":\"en-CA\",\"potentialAction\":[{\"@type\":\"ReadAction\",\"target\":[\"https:\/\/exob2b.com\/en\/b2b-marketing\/\"]}]},{\"@type\":\"ImageObject\",\"inLanguage\":\"en-CA\",\"@id\":\"https:\/\/exob2b.com\/en\/b2b-marketing\/#primaryimage\",\"url\":\"https:\/\/exob2b.com\/wp-content\/uploads\/2025\/08\/exob2b-marketing-b2b-06.jpg\",\"contentUrl\":\"https:\/\/exob2b.com\/wp-content\/uploads\/2025\/08\/exob2b-marketing-b2b-06.jpg\",\"width\":1920,\"height\":900,\"caption\":\"B2B vs B2C\"},{\"@type\":\"BreadcrumbList\",\"@id\":\"https:\/\/exob2b.com\/en\/b2b-marketing\/#breadcrumb\",\"itemListElement\":[{\"@type\":\"ListItem\",\"position\":1,\"name\":\"Accueil\",\"item\":\"https:\/\/exob2b.com\/en\/\"},{\"@type\":\"ListItem\",\"position\":2,\"name\":\"B2B marketing\"}]},{\"@type\":\"WebSite\",\"@id\":\"https:\/\/exob2b.com\/en\/#website\",\"url\":\"https:\/\/exob2b.com\/en\/\",\"name\":\"ExoB2B\",\"description\":\"High precision integrated marketing\",\"publisher\":{\"@id\":\"https:\/\/exob2b.com\/en\/#organization\"},\"potentialAction\":[{\"@type\":\"SearchAction\",\"target\":{\"@type\":\"EntryPoint\",\"urlTemplate\":\"https:\/\/exob2b.com\/en\/?s={search_term_string}\"},\"query-input\":{\"@type\":\"PropertyValueSpecification\",\"valueRequired\":true,\"valueName\":\"search_term_string\"}}],\"inLanguage\":\"en-CA\"},{\"@type\":\"Organization\",\"@id\":\"https:\/\/exob2b.com\/en\/#organization\",\"name\":\"ExoB2B\",\"url\":\"https:\/\/exob2b.com\/en\/\",\"logo\":{\"@type\":\"ImageObject\",\"inLanguage\":\"en-CA\",\"@id\":\"https:\/\/exob2b.com\/en\/#\/schema\/logo\/image\/\",\"url\":\"https:\/\/exob2b.com\/wp-content\/uploads\/2025\/11\/exob2b-logo-696x696-1.jpg\",\"contentUrl\":\"https:\/\/exob2b.com\/wp-content\/uploads\/2025\/11\/exob2b-logo-696x696-1.jpg\",\"width\":696,\"height\":696,\"caption\":\"ExoB2B\"},\"image\":{\"@id\":\"https:\/\/exob2b.com\/en\/#\/schema\/logo\/image\/\"},\"sameAs\":[\"https:\/\/www.facebook.com\/ExoB2B\",\"https:\/\/www.linkedin.com\/company\/1903572\/admin\/dashboard\/\",\"https:\/\/www.youtube.com\/@Exob2b\",\"https:\/\/www.threads.com\/@exob2b\"],\"description\":\"Agence marketing B2B, Montr\u00e9al et Rive-Sud. Au service des grandes entreprises et des PME. ExoB2B est une agence marketing B2B \u00e0 la crois\u00e9e de la strat\u00e9gie, de la cr\u00e9ativit\u00e9 et du num\u00e9rique. Bas\u00e9s sur la Rive-Sud de Montr\u00e9al, nous aidons les entreprises \u00e0 se positionner avec clart\u00e9, b\u00e2tir une marque forte, g\u00e9n\u00e9rer des pistes de vente qualifi\u00e9es et cro\u00eetre durablement sur leurs march\u00e9s. Pionni\u00e8re du marketing B2B, ExoB2B fait \u00e9voluer la fa\u00e7on dont les marques pensent et performent.\",\"email\":\"info@exob2b.com\",\"telephone\":\"514-765-9888\",\"legalName\":\"ExoB2B\",\"foundingDate\":\"2002-01-20\",\"naics\":\"541810\",\"numberOfEmployees\":{\"@type\":\"QuantitativeValue\",\"minValue\":\"1\",\"maxValue\":\"10\"}}]}<\/script>\n<!-- \/ Yoast SEO Premium plugin. -->","yoast_head_json":{"title":"B2B Marketing: Strategy, Content, and AI | ExoB2B Guide","description":"B2B Marketing: An essential guide to clarifying your strategy, aligning marketing and sales, and improving your performance today.","robots":{"index":"index","follow":"follow","max-snippet":"max-snippet:-1","max-image-preview":"max-image-preview:large","max-video-preview":"max-video-preview:-1"},"canonical":"https:\/\/exob2b.com\/en\/b2b-marketing\/","og_locale":"en_US","og_type":"article","og_title":"B2B marketing","og_description":"B2B Marketing: An essential guide to clarifying your strategy, aligning marketing and sales, and improving your performance today.","og_url":"https:\/\/exob2b.com\/en\/b2b-marketing\/","og_site_name":"ExoB2B","article_publisher":"https:\/\/www.facebook.com\/ExoB2B","article_modified_time":"2026-02-27T16:40:51+00:00","og_image":[{"width":1920,"height":900,"url":"https:\/\/exob2b.com\/wp-content\/uploads\/2025\/08\/exob2b-marketing-b2b-06.jpg","type":"image\/jpeg"}],"twitter_card":"summary_large_image","twitter_misc":{"Est. reading time":"9 minutes"},"schema":{"@context":"https:\/\/schema.org","@graph":[{"@type":"WebPage","@id":"https:\/\/exob2b.com\/en\/b2b-marketing\/","url":"https:\/\/exob2b.com\/en\/b2b-marketing\/","name":"B2B Marketing: Strategy, Content, and AI | ExoB2B Guide","isPartOf":{"@id":"https:\/\/exob2b.com\/en\/#website"},"primaryImageOfPage":{"@id":"https:\/\/exob2b.com\/en\/b2b-marketing\/#primaryimage"},"image":{"@id":"https:\/\/exob2b.com\/en\/b2b-marketing\/#primaryimage"},"thumbnailUrl":"https:\/\/exob2b.com\/wp-content\/uploads\/2025\/08\/exob2b-marketing-b2b-06.jpg","datePublished":"2025-09-04T12:28:00+00:00","dateModified":"2026-02-27T16:40:51+00:00","description":"B2B Marketing: An essential guide to clarifying your strategy, aligning marketing and sales, and improving your performance today.","breadcrumb":{"@id":"https:\/\/exob2b.com\/en\/b2b-marketing\/#breadcrumb"},"inLanguage":"en-CA","potentialAction":[{"@type":"ReadAction","target":["https:\/\/exob2b.com\/en\/b2b-marketing\/"]}]},{"@type":"ImageObject","inLanguage":"en-CA","@id":"https:\/\/exob2b.com\/en\/b2b-marketing\/#primaryimage","url":"https:\/\/exob2b.com\/wp-content\/uploads\/2025\/08\/exob2b-marketing-b2b-06.jpg","contentUrl":"https:\/\/exob2b.com\/wp-content\/uploads\/2025\/08\/exob2b-marketing-b2b-06.jpg","width":1920,"height":900,"caption":"B2B vs B2C"},{"@type":"BreadcrumbList","@id":"https:\/\/exob2b.com\/en\/b2b-marketing\/#breadcrumb","itemListElement":[{"@type":"ListItem","position":1,"name":"Accueil","item":"https:\/\/exob2b.com\/en\/"},{"@type":"ListItem","position":2,"name":"B2B marketing"}]},{"@type":"WebSite","@id":"https:\/\/exob2b.com\/en\/#website","url":"https:\/\/exob2b.com\/en\/","name":"ExoB2B","description":"High precision integrated marketing","publisher":{"@id":"https:\/\/exob2b.com\/en\/#organization"},"potentialAction":[{"@type":"SearchAction","target":{"@type":"EntryPoint","urlTemplate":"https:\/\/exob2b.com\/en\/?s={search_term_string}"},"query-input":{"@type":"PropertyValueSpecification","valueRequired":true,"valueName":"search_term_string"}}],"inLanguage":"en-CA"},{"@type":"Organization","@id":"https:\/\/exob2b.com\/en\/#organization","name":"ExoB2B","url":"https:\/\/exob2b.com\/en\/","logo":{"@type":"ImageObject","inLanguage":"en-CA","@id":"https:\/\/exob2b.com\/en\/#\/schema\/logo\/image\/","url":"https:\/\/exob2b.com\/wp-content\/uploads\/2025\/11\/exob2b-logo-696x696-1.jpg","contentUrl":"https:\/\/exob2b.com\/wp-content\/uploads\/2025\/11\/exob2b-logo-696x696-1.jpg","width":696,"height":696,"caption":"ExoB2B"},"image":{"@id":"https:\/\/exob2b.com\/en\/#\/schema\/logo\/image\/"},"sameAs":["https:\/\/www.facebook.com\/ExoB2B","https:\/\/www.linkedin.com\/company\/1903572\/admin\/dashboard\/","https:\/\/www.youtube.com\/@Exob2b","https:\/\/www.threads.com\/@exob2b"],"description":"Agence marketing B2B, Montr\u00e9al et Rive-Sud. Au service des grandes entreprises et des PME. ExoB2B est une agence marketing B2B \u00e0 la crois\u00e9e de la strat\u00e9gie, de la cr\u00e9ativit\u00e9 et du num\u00e9rique. Bas\u00e9s sur la Rive-Sud de Montr\u00e9al, nous aidons les entreprises \u00e0 se positionner avec clart\u00e9, b\u00e2tir une marque forte, g\u00e9n\u00e9rer des pistes de vente qualifi\u00e9es et cro\u00eetre durablement sur leurs march\u00e9s. Pionni\u00e8re du marketing B2B, ExoB2B fait \u00e9voluer la fa\u00e7on dont les marques pensent et performent.","email":"info@exob2b.com","telephone":"514-765-9888","legalName":"ExoB2B","foundingDate":"2002-01-20","naics":"541810","numberOfEmployees":{"@type":"QuantitativeValue","minValue":"1","maxValue":"10"}}]}},"_links":{"self":[{"href":"https:\/\/exob2b.com\/en\/wp-json\/wp\/v2\/pages\/34877","targetHints":{"allow":["GET"]}}],"collection":[{"href":"https:\/\/exob2b.com\/en\/wp-json\/wp\/v2\/pages"}],"about":[{"href":"https:\/\/exob2b.com\/en\/wp-json\/wp\/v2\/types\/page"}],"author":[{"embeddable":true,"href":"https:\/\/exob2b.com\/en\/wp-json\/wp\/v2\/users\/12"}],"replies":[{"embeddable":true,"href":"https:\/\/exob2b.com\/en\/wp-json\/wp\/v2\/comments?post=34877"}],"version-history":[{"count":77,"href":"https:\/\/exob2b.com\/en\/wp-json\/wp\/v2\/pages\/34877\/revisions"}],"predecessor-version":[{"id":43417,"href":"https:\/\/exob2b.com\/en\/wp-json\/wp\/v2\/pages\/34877\/revisions\/43417"}],"wp:featuredmedia":[{"embeddable":true,"href":"https:\/\/exob2b.com\/en\/wp-json\/wp\/v2\/media\/39867"}],"wp:attachment":[{"href":"https:\/\/exob2b.com\/en\/wp-json\/wp\/v2\/media?parent=34877"}],"curies":[{"name":"wp","href":"https:\/\/api.w.org\/{rel}","templated":true}]}}