{"id":40459,"date":"2022-03-10T14:00:10","date_gmt":"2022-03-10T19:00:10","guid":{"rendered":"https:\/\/exob2b.com\/diagnostic-plan-marketing\/"},"modified":"2025-11-14T12:30:16","modified_gmt":"2025-11-14T17:30:16","slug":"diagnosis-marketing-plan","status":"publish","type":"page","link":"https:\/\/exob2b.com\/en\/diagnosis-marketing-plan\/","title":{"rendered":"Diagnosis and marketing plan"},"content":{"rendered":"\n<h2 class=\"wp-block-heading\" id=\"h-why-your-business-needs-a-diagnosis-and-a-marketing-plan\">Why your business needs a diagnosis and a marketing plan<\/h2>\n\n\n\n<p>^With a tailored diagnosis and marketing plan, you will:<\/p>\n\n\n\n<ul class=\"wp-block-list\">\n<li>Gain a comprehensive and objective view of your marketing positioning<\/li>\n\n\n\n<li>Make informed decisions based on concrete recommendations<\/li>\n\n\n\n<li>Optimize your marketing and digital investments<\/li>\n\n\n\n<li>Accelerate your growth by quickly identifying the right levers<\/li>\n\n\n\n<li>Align sales, marketing, and management on the same trajectory<\/li>\n\n\n\n<li>Establish a measurable plan that is ready to execute <\/li>\n<\/ul>\n\n\n\n<h2 class=\"wp-block-heading\" id=\"h-diagnosis-and-marketing-plan-our-approach-at-exob2b\">Diagnosis and marketing plan: our approach at ExoB2B<\/h2>\n\n\n\n<p>Our diagnosis covers your entire B2B marketing ecosystem:<\/p>\n\n\n\n<ul class=\"wp-block-list\">\n<li>SEO and web performance audit: visibility, traffic, conversions<\/li>\n\n\n\n<li>Effectiveness of your digital campaigns: Google, LinkedIn, Bing, newsletters<\/li>\n\n\n\n<li>Competitive analysis and acquisition channels: strengths, weaknesses, and opportunities<\/li>\n\n\n\n<li>Evaluation of your technological tools: CRM, automation, artificial intelligence<\/li>\n\n\n\n<li>Consistency of your marketing actions: integration and effectiveness of current initiatives<\/li>\n<\/ul>\n\n\n\n<p>This process highlights your real challenges and growth opportunities and concludes with concrete strategic and tactical recommendations.<\/p>\n\n\n\n<h2 class=\"wp-block-heading\" id=\"h-the-benefits-of-a-successful-marketing-plan\">The benefits of a successful marketing plan<\/h2>\n\n\n\n<ul class=\"wp-block-list\">\n<li>A clear and shared vision of your positioning<\/li>\n\n\n\n<li>Prioritized recommendations to act with confidence<\/li>\n\n\n\n<li>Optimized, performance-oriented budgets<\/li>\n\n\n\n<li>Accelerated growth in Quebec, Canada, and internationally<\/li>\n\n\n\n<li>Strong organizational alignment<\/li>\n\n\n\n<li>A clear, measurable, and sustainable plan<\/li>\n<\/ul>\n\n\n\n<h2 class=\"wp-block-heading\" id=\"h-and-tomorrow\">And tomorrow?<\/h2>\n\n\n\n<p>Because digital marketing is constantly evolving, we systematically integrate:<\/p>\n\n\n\n<ul class=\"wp-block-list\">\n<li>Data and analytics to guide your decisions<\/li>\n\n\n\n<li>Artificial intelligence to optimize your actions<\/li>\n\n\n\n<li>Digital performance to guarantee tangible results<\/li>\n<\/ul>\n\n\n\n<p>The result for you? A clear, measurable, and immediately executable B2B marketing plan.<\/p>\n\n\n\n<h2 class=\"wp-block-heading\" id=\"h-exob2b-experts-in-b2b-diagnosis-and-marketing-plans\">ExoB2B: experts in B2B diagnosis and marketing plans<\/h2>\n\n\n\n<p>For nearly 25 years, ExoB2B has been helping SMEs and large companies gain clarity on their business environment and build solid marketing plans. Our in-depth diagnostics reveal your real challenges and best opportunities, while our structured plans transform these findings into concrete actions. The result: informed decisions, aligned actions, and sustainable growth, both domestically and internationally.<\/p>\n\n\n\n<p><strong>Move from a blurry vision to a concrete plan. Ready to align your teams and accelerate your growth?<\/strong><\/p>\n\n\n\n<p class=\"has-text-align-left\"><a class=\"cta\" href=\"https:\/\/exob2b.com\/en\/contact\/\">I want to talk to your expert<\/a><\/p>\n","protected":false},"excerpt":{"rendered":"<p>Why your business needs a diagnosis and a marketing plan ^With a tailored diagnosis and marketing plan, you will: Diagnosis and marketing plan: our approach at ExoB2B Our diagnosis covers your entire B2B marketing ecosystem: This process highlights your real challenges and growth opportunities and concludes with concrete strategic and tactical recommendations. The benefits of [&hellip;]<\/p>\n","protected":false},"author":12,"featured_media":0,"parent":0,"menu_order":0,"comment_status":"closed","ping_status":"closed","template":"page-templates\/page-services.php","meta":{"_acf_changed":false,"footnotes":""},"class_list":["post-40459","page","type-page","status-publish","hentry"],"acf":[],"yoast_head":"<!-- This site is optimized with the Yoast SEO Premium plugin v26.7 (Yoast SEO v26.7) - https:\/\/yoast.com\/wordpress\/plugins\/seo\/ -->\n<title>Diagnosis and marketing plan - ExoB2B<\/title>\n<meta name=\"description\" content=\"For nearly 25 years, ExoB2B has been helping SMEs and large companies gain clarity with diagnosis &amp; marketing plan\" \/>\n<meta name=\"robots\" content=\"index, follow, max-snippet:-1, max-image-preview:large, max-video-preview:-1\" \/>\n<link rel=\"canonical\" href=\"https:\/\/exob2b.com\/en\/diagnosis-marketing-plan\/\" \/>\n<meta property=\"og:locale\" content=\"en_US\" \/>\n<meta property=\"og:type\" content=\"article\" \/>\n<meta property=\"og:title\" content=\"Diagnosis and marketing plan\" \/>\n<meta property=\"og:description\" content=\"For nearly 25 years, ExoB2B has been helping SMEs and large companies gain clarity with diagnosis &amp; marketing plan\" \/>\n<meta property=\"og:url\" content=\"https:\/\/exob2b.com\/en\/diagnosis-marketing-plan\/\" \/>\n<meta property=\"og:site_name\" content=\"ExoB2B\" \/>\n<meta property=\"article:publisher\" content=\"https:\/\/www.facebook.com\/ExoB2B\" \/>\n<meta property=\"article:modified_time\" content=\"2025-11-14T17:30:16+00:00\" \/>\n<meta property=\"og:image\" content=\"https:\/\/exob2b.com\/wp-content\/uploads\/2025\/08\/exob2b-marketing-b2b-meeting.jpg\" \/>\n\t<meta property=\"og:image:width\" content=\"1920\" \/>\n\t<meta property=\"og:image:height\" content=\"1080\" \/>\n\t<meta property=\"og:image:type\" content=\"image\/jpeg\" \/>\n<meta name=\"twitter:card\" content=\"summary_large_image\" \/>\n<meta name=\"twitter:label1\" content=\"Est. reading time\" \/>\n\t<meta name=\"twitter:data1\" content=\"4 minutes\" \/>\n<script type=\"application\/ld+json\" class=\"yoast-schema-graph\">{\"@context\":\"https:\/\/schema.org\",\"@graph\":[{\"@type\":\"WebPage\",\"@id\":\"https:\/\/exob2b.com\/en\/diagnosis-marketing-plan\/\",\"url\":\"https:\/\/exob2b.com\/en\/diagnosis-marketing-plan\/\",\"name\":\"Diagnosis and marketing plan - ExoB2B\",\"isPartOf\":{\"@id\":\"https:\/\/exob2b.com\/en\/#website\"},\"datePublished\":\"2022-03-10T19:00:10+00:00\",\"dateModified\":\"2025-11-14T17:30:16+00:00\",\"description\":\"For nearly 25 years, ExoB2B has been helping SMEs and large companies gain clarity with diagnosis & marketing plan\",\"breadcrumb\":{\"@id\":\"https:\/\/exob2b.com\/en\/diagnosis-marketing-plan\/#breadcrumb\"},\"inLanguage\":\"en-CA\",\"potentialAction\":[{\"@type\":\"ReadAction\",\"target\":[\"https:\/\/exob2b.com\/en\/diagnosis-marketing-plan\/\"]}]},{\"@type\":\"BreadcrumbList\",\"@id\":\"https:\/\/exob2b.com\/en\/diagnosis-marketing-plan\/#breadcrumb\",\"itemListElement\":[{\"@type\":\"ListItem\",\"position\":1,\"name\":\"Accueil\",\"item\":\"https:\/\/exob2b.com\/en\/\"},{\"@type\":\"ListItem\",\"position\":2,\"name\":\"Diagnosis and marketing plan\"}]},{\"@type\":\"WebSite\",\"@id\":\"https:\/\/exob2b.com\/en\/#website\",\"url\":\"https:\/\/exob2b.com\/en\/\",\"name\":\"ExoB2B\",\"description\":\"High precision integrated marketing\",\"publisher\":{\"@id\":\"https:\/\/exob2b.com\/en\/#organization\"},\"potentialAction\":[{\"@type\":\"SearchAction\",\"target\":{\"@type\":\"EntryPoint\",\"urlTemplate\":\"https:\/\/exob2b.com\/en\/?s={search_term_string}\"},\"query-input\":{\"@type\":\"PropertyValueSpecification\",\"valueRequired\":true,\"valueName\":\"search_term_string\"}}],\"inLanguage\":\"en-CA\"},{\"@type\":\"Organization\",\"@id\":\"https:\/\/exob2b.com\/en\/#organization\",\"name\":\"ExoB2B\",\"url\":\"https:\/\/exob2b.com\/en\/\",\"logo\":{\"@type\":\"ImageObject\",\"inLanguage\":\"en-CA\",\"@id\":\"https:\/\/exob2b.com\/en\/#\/schema\/logo\/image\/\",\"url\":\"https:\/\/exob2b.com\/wp-content\/uploads\/2025\/11\/exob2b-logo-696x696-1.jpg\",\"contentUrl\":\"https:\/\/exob2b.com\/wp-content\/uploads\/2025\/11\/exob2b-logo-696x696-1.jpg\",\"width\":696,\"height\":696,\"caption\":\"ExoB2B\"},\"image\":{\"@id\":\"https:\/\/exob2b.com\/en\/#\/schema\/logo\/image\/\"},\"sameAs\":[\"https:\/\/www.facebook.com\/ExoB2B\",\"https:\/\/www.linkedin.com\/company\/1903572\/admin\/dashboard\/\",\"https:\/\/www.youtube.com\/@Exob2b\",\"https:\/\/www.threads.com\/@exob2b\"],\"description\":\"Agence marketing B2B, Montr\u00e9al et Rive-Sud. Au service des grandes entreprises et des PME. ExoB2B est une agence marketing B2B \u00e0 la crois\u00e9e de la strat\u00e9gie, de la cr\u00e9ativit\u00e9 et du num\u00e9rique. Bas\u00e9s sur la Rive-Sud de Montr\u00e9al, nous aidons les entreprises \u00e0 se positionner avec clart\u00e9, b\u00e2tir une marque forte, g\u00e9n\u00e9rer des pistes de vente qualifi\u00e9es et cro\u00eetre durablement sur leurs march\u00e9s. Pionni\u00e8re du marketing B2B, ExoB2B fait \u00e9voluer la fa\u00e7on dont les marques pensent et performent.\",\"email\":\"info@exob2b.com\",\"telephone\":\"514-765-9888\",\"legalName\":\"ExoB2B\",\"foundingDate\":\"2002-01-20\",\"naics\":\"541810\",\"numberOfEmployees\":{\"@type\":\"QuantitativeValue\",\"minValue\":\"1\",\"maxValue\":\"10\"}}]}<\/script>\n<!-- \/ Yoast SEO Premium plugin. -->","yoast_head_json":{"title":"Diagnosis and marketing plan - ExoB2B","description":"For nearly 25 years, ExoB2B has been helping SMEs and large companies gain clarity with diagnosis & marketing plan","robots":{"index":"index","follow":"follow","max-snippet":"max-snippet:-1","max-image-preview":"max-image-preview:large","max-video-preview":"max-video-preview:-1"},"canonical":"https:\/\/exob2b.com\/en\/diagnosis-marketing-plan\/","og_locale":"en_US","og_type":"article","og_title":"Diagnosis and marketing plan","og_description":"For nearly 25 years, ExoB2B has been helping SMEs and large companies gain clarity with diagnosis & marketing plan","og_url":"https:\/\/exob2b.com\/en\/diagnosis-marketing-plan\/","og_site_name":"ExoB2B","article_publisher":"https:\/\/www.facebook.com\/ExoB2B","article_modified_time":"2025-11-14T17:30:16+00:00","og_image":[{"width":1920,"height":1080,"url":"https:\/\/exob2b.com\/wp-content\/uploads\/2025\/08\/exob2b-marketing-b2b-meeting.jpg","type":"image\/jpeg"}],"twitter_card":"summary_large_image","twitter_misc":{"Est. reading time":"4 minutes"},"schema":{"@context":"https:\/\/schema.org","@graph":[{"@type":"WebPage","@id":"https:\/\/exob2b.com\/en\/diagnosis-marketing-plan\/","url":"https:\/\/exob2b.com\/en\/diagnosis-marketing-plan\/","name":"Diagnosis and marketing plan - ExoB2B","isPartOf":{"@id":"https:\/\/exob2b.com\/en\/#website"},"datePublished":"2022-03-10T19:00:10+00:00","dateModified":"2025-11-14T17:30:16+00:00","description":"For nearly 25 years, ExoB2B has been helping SMEs and large companies gain clarity with diagnosis & marketing plan","breadcrumb":{"@id":"https:\/\/exob2b.com\/en\/diagnosis-marketing-plan\/#breadcrumb"},"inLanguage":"en-CA","potentialAction":[{"@type":"ReadAction","target":["https:\/\/exob2b.com\/en\/diagnosis-marketing-plan\/"]}]},{"@type":"BreadcrumbList","@id":"https:\/\/exob2b.com\/en\/diagnosis-marketing-plan\/#breadcrumb","itemListElement":[{"@type":"ListItem","position":1,"name":"Accueil","item":"https:\/\/exob2b.com\/en\/"},{"@type":"ListItem","position":2,"name":"Diagnosis and marketing plan"}]},{"@type":"WebSite","@id":"https:\/\/exob2b.com\/en\/#website","url":"https:\/\/exob2b.com\/en\/","name":"ExoB2B","description":"High precision integrated marketing","publisher":{"@id":"https:\/\/exob2b.com\/en\/#organization"},"potentialAction":[{"@type":"SearchAction","target":{"@type":"EntryPoint","urlTemplate":"https:\/\/exob2b.com\/en\/?s={search_term_string}"},"query-input":{"@type":"PropertyValueSpecification","valueRequired":true,"valueName":"search_term_string"}}],"inLanguage":"en-CA"},{"@type":"Organization","@id":"https:\/\/exob2b.com\/en\/#organization","name":"ExoB2B","url":"https:\/\/exob2b.com\/en\/","logo":{"@type":"ImageObject","inLanguage":"en-CA","@id":"https:\/\/exob2b.com\/en\/#\/schema\/logo\/image\/","url":"https:\/\/exob2b.com\/wp-content\/uploads\/2025\/11\/exob2b-logo-696x696-1.jpg","contentUrl":"https:\/\/exob2b.com\/wp-content\/uploads\/2025\/11\/exob2b-logo-696x696-1.jpg","width":696,"height":696,"caption":"ExoB2B"},"image":{"@id":"https:\/\/exob2b.com\/en\/#\/schema\/logo\/image\/"},"sameAs":["https:\/\/www.facebook.com\/ExoB2B","https:\/\/www.linkedin.com\/company\/1903572\/admin\/dashboard\/","https:\/\/www.youtube.com\/@Exob2b","https:\/\/www.threads.com\/@exob2b"],"description":"Agence marketing B2B, Montr\u00e9al et Rive-Sud. Au service des grandes entreprises et des PME. ExoB2B est une agence marketing B2B \u00e0 la crois\u00e9e de la strat\u00e9gie, de la cr\u00e9ativit\u00e9 et du num\u00e9rique. Bas\u00e9s sur la Rive-Sud de Montr\u00e9al, nous aidons les entreprises \u00e0 se positionner avec clart\u00e9, b\u00e2tir une marque forte, g\u00e9n\u00e9rer des pistes de vente qualifi\u00e9es et cro\u00eetre durablement sur leurs march\u00e9s. Pionni\u00e8re du marketing B2B, ExoB2B fait \u00e9voluer la fa\u00e7on dont les marques pensent et performent.","email":"info@exob2b.com","telephone":"514-765-9888","legalName":"ExoB2B","foundingDate":"2002-01-20","naics":"541810","numberOfEmployees":{"@type":"QuantitativeValue","minValue":"1","maxValue":"10"}}]}},"_links":{"self":[{"href":"https:\/\/exob2b.com\/en\/wp-json\/wp\/v2\/pages\/40459","targetHints":{"allow":["GET"]}}],"collection":[{"href":"https:\/\/exob2b.com\/en\/wp-json\/wp\/v2\/pages"}],"about":[{"href":"https:\/\/exob2b.com\/en\/wp-json\/wp\/v2\/types\/page"}],"author":[{"embeddable":true,"href":"https:\/\/exob2b.com\/en\/wp-json\/wp\/v2\/users\/12"}],"replies":[{"embeddable":true,"href":"https:\/\/exob2b.com\/en\/wp-json\/wp\/v2\/comments?post=40459"}],"version-history":[{"count":7,"href":"https:\/\/exob2b.com\/en\/wp-json\/wp\/v2\/pages\/40459\/revisions"}],"predecessor-version":[{"id":41748,"href":"https:\/\/exob2b.com\/en\/wp-json\/wp\/v2\/pages\/40459\/revisions\/41748"}],"wp:attachment":[{"href":"https:\/\/exob2b.com\/en\/wp-json\/wp\/v2\/media?parent=40459"}],"curies":[{"name":"wp","href":"https:\/\/api.w.org\/{rel}","templated":true}]}}